{"id":511,"date":"2020-01-23T16:18:05","date_gmt":"2020-01-23T15:18:05","guid":{"rendered":"https:\/\/hashtag-innerbeauty.com\/?page_id=511"},"modified":"2025-09-08T13:23:15","modified_gmt":"2025-09-08T11:23:15","slug":"startseite","status":"publish","type":"page","link":"https:\/\/www.hashtag-innerbeauty.com\/en\/","title":{"rendered":"Home"},"content":{"rendered":"<p>[vc_row][vc_column][vc_column_text]<strong style=\"padding-top: 24px; display: block;\">Brand Status Notice<\/strong><\/p>\n<h1>#INNERBEAUTY<\/h1>\n<p>The brand has been permanently discontinued.<br \/>\nNo products are sold or distributed any longer.<\/p>\n<p>Thank you for your interest.<\/p>\n<h2 style=\"margin-bottom: 16px;\">Legal Notice<\/h2>\n<p>Ultimate Skin Aesthetics GmbH<br \/>\nLuise-Rainer-Stra\u00dfe 7-11<br \/>\n40235 D\u00fcsseldorf<\/p>\n<p>Managing Directors: Lena Kr\u00f6mer, B\u00e9atrice Billot, Huyen Zielinski<\/p>\n<p>D\u00fcsseldorf District Court HRB 84009<\/p>\n<p>VAT registration no.: DE 3196 66970<\/p>\n<p><b>You can contact us by email at:\u00a0<\/b><a href=\"mailto:info@ultimateskinaesthetics.com\">info@ultimateskinaesthetics.com<\/a><br \/>\nYou can contact us by telephone in Germany on: +49 2331 \u2013 690 6464[\/vc_column_text][vc_empty_space height=&#8221;100px&#8221; el_class=&#8221;small-desktop-100 mobile-50&#8243;][\/vc_column][\/vc_row]<\/p>\n","protected":false},"excerpt":{"rendered":"<p>[vc_row][vc_column][vc_column_text]Brand Status Notice #INNERBEAUTY The brand has been permanently discontinued. No products are sold or distributed any longer. Thank you for your interest. Legal Notice Ultimate Skin Aesthetics GmbH Luise-Rainer-Stra\u00dfe 7-11 40235 D\u00fcsseldorf Managing Directors: Lena Kr\u00f6mer, B\u00e9atrice Billot, Huyen Zielinski D\u00fcsseldorf District Court HRB 84009 VAT registration no.: DE 3196 66970 You can contact [&hellip;]<\/p>\n","protected":false},"author":2,"featured_media":0,"parent":0,"menu_order":0,"comment_status":"closed","ping_status":"closed","template":"fullwidth.php","meta":[],"acf":[],"yoast_head":"<!-- This site is optimized with the Yoast SEO plugin v21.8.1 - https:\/\/yoast.com\/wordpress\/plugins\/seo\/ -->\n<title>Home | #INNERBEAUTY<\/title>\n<meta name=\"robots\" content=\"index, follow, max-snippet:-1, max-image-preview:large, max-video-preview:-1\" \/>\n<link rel=\"canonical\" href=\"https:\/\/www.hashtag-innerbeauty.com\/en\/\" \/>\n<meta property=\"og:locale\" content=\"en_US\" \/>\n<meta property=\"og:type\" content=\"article\" \/>\n<meta property=\"og:title\" content=\"Home | #INNERBEAUTY\" \/>\n<meta property=\"og:description\" content=\"[vc_row][vc_column][vc_column_text]Brand Status Notice #INNERBEAUTY The brand has been permanently discontinued. No products are sold or distributed any longer. Thank you for your interest. Legal Notice Ultimate Skin Aesthetics GmbH Luise-Rainer-Stra\u00dfe 7-11 40235 D\u00fcsseldorf Managing Directors: Lena Kr\u00f6mer, B\u00e9atrice Billot, Huyen Zielinski D\u00fcsseldorf District Court HRB 84009 VAT registration no.: DE 3196 66970 You can contact [&hellip;]\" \/>\n<meta property=\"og:url\" content=\"https:\/\/www.hashtag-innerbeauty.com\/en\/\" \/>\n<meta property=\"og:site_name\" content=\"#INNERBEAUTY\" \/>\n<meta property=\"article:modified_time\" content=\"2025-09-08T11:23:15+00:00\" \/>\n<meta name=\"twitter:card\" content=\"summary_large_image\" \/>\n<meta name=\"twitter:label1\" content=\"Est. reading time\" \/>\n\t<meta name=\"twitter:data1\" content=\"1 minute\" \/>\n<script type=\"application\/ld+json\" class=\"yoast-schema-graph\">{\"@context\":\"https:\/\/schema.org\",\"@graph\":[{\"@type\":\"WebPage\",\"@id\":\"https:\/\/www.hashtag-innerbeauty.com\/en\/\",\"url\":\"https:\/\/www.hashtag-innerbeauty.com\/en\/\",\"name\":\"Home | #INNERBEAUTY\",\"isPartOf\":{\"@id\":\"https:\/\/www.hashtag-innerbeauty.com\/de\/#website\"},\"datePublished\":\"2020-01-23T15:18:05+00:00\",\"dateModified\":\"2025-09-08T11:23:15+00:00\",\"breadcrumb\":{\"@id\":\"https:\/\/www.hashtag-innerbeauty.com\/en\/#breadcrumb\"},\"inLanguage\":\"en-US\",\"potentialAction\":[{\"@type\":\"ReadAction\",\"target\":[\"https:\/\/www.hashtag-innerbeauty.com\/en\/\"]}]},{\"@type\":\"BreadcrumbList\",\"@id\":\"https:\/\/www.hashtag-innerbeauty.com\/en\/#breadcrumb\",\"itemListElement\":[{\"@type\":\"ListItem\",\"position\":1,\"name\":\"Startseite\",\"item\":\"https:\/\/www.hashtag-innerbeauty.com\/en\/\"},{\"@type\":\"ListItem\",\"position\":2,\"name\":\"Home\"}]},{\"@type\":\"WebSite\",\"@id\":\"https:\/\/www.hashtag-innerbeauty.com\/de\/#website\",\"url\":\"https:\/\/www.hashtag-innerbeauty.com\/de\/\",\"name\":\"#INNERBEAUTY\",\"description\":\"Ganzheitliche Sch\u00f6nheit f\u00fcr Frauen\",\"inLanguage\":\"en-US\"}]}<\/script>\n<!-- \/ Yoast SEO plugin. -->","yoast_head_json":{"title":"Home | #INNERBEAUTY","robots":{"index":"index","follow":"follow","max-snippet":"max-snippet:-1","max-image-preview":"max-image-preview:large","max-video-preview":"max-video-preview:-1"},"canonical":"https:\/\/www.hashtag-innerbeauty.com\/en\/","og_locale":"en_US","og_type":"article","og_title":"Home | #INNERBEAUTY","og_description":"[vc_row][vc_column][vc_column_text]Brand Status Notice #INNERBEAUTY The brand has been permanently discontinued. No products are sold or distributed any longer. Thank you for your interest. Legal Notice Ultimate Skin Aesthetics GmbH Luise-Rainer-Stra\u00dfe 7-11 40235 D\u00fcsseldorf Managing Directors: Lena Kr\u00f6mer, B\u00e9atrice Billot, Huyen Zielinski D\u00fcsseldorf District Court HRB 84009 VAT registration no.: DE 3196 66970 You can contact [&hellip;]","og_url":"https:\/\/www.hashtag-innerbeauty.com\/en\/","og_site_name":"#INNERBEAUTY","article_modified_time":"2025-09-08T11:23:15+00:00","twitter_card":"summary_large_image","twitter_misc":{"Est. reading time":"1 minute"},"schema":{"@context":"https:\/\/schema.org","@graph":[{"@type":"WebPage","@id":"https:\/\/www.hashtag-innerbeauty.com\/en\/","url":"https:\/\/www.hashtag-innerbeauty.com\/en\/","name":"Home | #INNERBEAUTY","isPartOf":{"@id":"https:\/\/www.hashtag-innerbeauty.com\/de\/#website"},"datePublished":"2020-01-23T15:18:05+00:00","dateModified":"2025-09-08T11:23:15+00:00","breadcrumb":{"@id":"https:\/\/www.hashtag-innerbeauty.com\/en\/#breadcrumb"},"inLanguage":"en-US","potentialAction":[{"@type":"ReadAction","target":["https:\/\/www.hashtag-innerbeauty.com\/en\/"]}]},{"@type":"BreadcrumbList","@id":"https:\/\/www.hashtag-innerbeauty.com\/en\/#breadcrumb","itemListElement":[{"@type":"ListItem","position":1,"name":"Startseite","item":"https:\/\/www.hashtag-innerbeauty.com\/en\/"},{"@type":"ListItem","position":2,"name":"Home"}]},{"@type":"WebSite","@id":"https:\/\/www.hashtag-innerbeauty.com\/de\/#website","url":"https:\/\/www.hashtag-innerbeauty.com\/de\/","name":"#INNERBEAUTY","description":"Ganzheitliche Sch\u00f6nheit f\u00fcr Frauen","inLanguage":"en-US"}]}},"_links":{"self":[{"href":"https:\/\/www.hashtag-innerbeauty.com\/en\/wp-json\/wp\/v2\/pages\/511"}],"collection":[{"href":"https:\/\/www.hashtag-innerbeauty.com\/en\/wp-json\/wp\/v2\/pages"}],"about":[{"href":"https:\/\/www.hashtag-innerbeauty.com\/en\/wp-json\/wp\/v2\/types\/page"}],"author":[{"embeddable":true,"href":"https:\/\/www.hashtag-innerbeauty.com\/en\/wp-json\/wp\/v2\/users\/2"}],"replies":[{"embeddable":true,"href":"https:\/\/www.hashtag-innerbeauty.com\/en\/wp-json\/wp\/v2\/comments?post=511"}],"version-history":[{"count":26,"href":"https:\/\/www.hashtag-innerbeauty.com\/en\/wp-json\/wp\/v2\/pages\/511\/revisions"}],"predecessor-version":[{"id":7608,"href":"https:\/\/www.hashtag-innerbeauty.com\/en\/wp-json\/wp\/v2\/pages\/511\/revisions\/7608"}],"wp:attachment":[{"href":"https:\/\/www.hashtag-innerbeauty.com\/en\/wp-json\/wp\/v2\/media?parent=511"}],"curies":[{"name":"wp","href":"https:\/\/api.w.org\/{rel}","templated":true}]}}